{"id":7418,"date":"2023-10-04T14:11:28","date_gmt":"2023-10-04T18:11:28","guid":{"rendered":"https:\/\/blackandmcdonaldforms.com\/?page_id=7418"},"modified":"2026-03-30T16:20:18","modified_gmt":"2026-03-30T20:20:18","slug":"university-of-toronto-web-form","status":"publish","type":"page","link":"https:\/\/blackandmcdonaldforms.com\/fr\/fsg\/university-of-toronto-web-form\/","title":{"rendered":"University of Toronto (SRIC) Web Form"},"content":{"rendered":"\n<div style=\"height:50px\" aria-hidden=\"true\" class=\"wp-block-spacer\"><\/div>\n\n\n\n<h3 style=\"color:red; font-size:3rem;\">ARR\u00caT: s\u2019il s\u2019agit d\u2019une urgence INCENDIE, SANT\u00c9 ou S\u00c9CURIT\u00c9, APPELEZ LE 911 MAINTENANT ! Pour toutes les autres demandes d\u2019urgence non-vie\/incendie\/s\u00e9curit\u00e9, veuillez appeler <a style=\"color:#1B3864\" href=\"tel:8447646180\">(844) 764-6180<\/a><\/h3>\n\n\n\n<p style=\"color:red\">(*) sont des champs obligatoires<\/p>\n\n\n\n\n<div class=\"wpcf7 no-js\" id=\"wpcf7-f2008-o1\" lang=\"fr-FR\" dir=\"ltr\" data-wpcf7-id=\"2008\">\n<div class=\"screen-reader-response\"><p role=\"status\" aria-live=\"polite\" aria-atomic=\"true\"><\/p> <ul><\/ul><\/div>\n<form action=\"\/fr\/wp-json\/wp\/v2\/pages\/7418#wpcf7-f2008-o1\" method=\"post\" class=\"wpcf7-form init\" aria-label=\"Formulaire de contact\" enctype=\"multipart\/form-data\" novalidate=\"novalidate\" data-status=\"init\">\n<fieldset class=\"hidden-fields-container\"><input type=\"hidden\" name=\"_wpcf7\" value=\"2008\" \/><input type=\"hidden\" name=\"_wpcf7_version\" value=\"6.1.5\" \/><input type=\"hidden\" name=\"_wpcf7_locale\" value=\"fr_FR\" \/><input type=\"hidden\" name=\"_wpcf7_unit_tag\" value=\"wpcf7-f2008-o1\" \/><input type=\"hidden\" name=\"_wpcf7_container_post\" value=\"0\" \/><input type=\"hidden\" name=\"_wpcf7_posted_data_hash\" value=\"\" \/><input type=\"hidden\" name=\"_wpcf7cf_hidden_group_fields\" value=\"[]\" \/><input type=\"hidden\" name=\"_wpcf7cf_hidden_groups\" value=\"[]\" \/><input type=\"hidden\" name=\"_wpcf7cf_visible_groups\" value=\"[]\" \/><input type=\"hidden\" name=\"_wpcf7cf_repeaters\" value=\"[]\" \/><input type=\"hidden\" name=\"_wpcf7cf_steps\" value=\"{}\" \/><input type=\"hidden\" name=\"_wpcf7cf_options\" value=\"{&quot;form_id&quot;:2008,&quot;conditions&quot;:[],&quot;settings&quot;:{&quot;animation&quot;:&quot;yes&quot;,&quot;animation_intime&quot;:200,&quot;animation_outtime&quot;:200,&quot;conditions_ui&quot;:&quot;normal&quot;,&quot;notice_dismissed&quot;:false,&quot;notice_dismissed_rollback-cf7-6.1&quot;:true,&quot;notice_dismissed_rollback-cf7-6.1.1&quot;:true}}\" \/><input type=\"hidden\" name=\"_wpcf7_recaptcha_response\" value=\"\" \/>\n<\/fieldset>\n<table align=\"left\" border=\"0\">\n\t<tr>\n\t\t<td>\n\t\t\t<p>Est-ce que cette demande est\n\t\t\t\t<font color=\"red\">(*)\n\t\t\t\t<\/font>: &nbsp;<br \/>\n<span class=\"wpcf7-form-control-wrap\" data-name=\"request-type\"><select class=\"wpcf7-form-control wpcf7-select wpcf7-validates-as-required\" aria-required=\"true\" aria-invalid=\"false\" name=\"request-type\"><option value=\"\">S\u00e9lectionner<\/option><option value=\"Portes\/quincaillerie\/serrurier\">Portes\/quincaillerie\/serrurier<\/option><option value=\"\u00c9lectrique\">\u00c9lectrique<\/option><option value=\"Ascenseur\">Ascenseur<\/option><option value=\"S\u00e9curit\u00e9 incendie et s\u00e9curit\u00e9 des personnes\">S\u00e9curit\u00e9 incendie et s\u00e9curit\u00e9 des personnes<\/option><option value=\"Entretien g\u00e9n\u00e9ral - Ext\u00e9rieur\">Entretien g\u00e9n\u00e9ral - Ext\u00e9rieur<\/option><option value=\"Entretien g\u00e9n\u00e9ral - Int\u00e9rieur\">Entretien g\u00e9n\u00e9ral - Int\u00e9rieur<\/option><option value=\"CVC\">CVC<\/option><option value=\"Conciergerie\">Conciergerie<\/option><option value=\"\u00e9quipement de cuisine\">\u00e9quipement de cuisine<\/option><option value=\"Lutte antiparasitaire\">Lutte antiparasitaire<\/option><option value=\"Plomberie\">Plomberie<\/option><option value=\"Routes\/terrains\">Routes\/terrains<\/option><option value=\"\u00c9limination des d\u00e9chets\/recyclage\">\u00c9limination des d\u00e9chets\/recyclage<\/option><option value=\"Autre\">Autre<\/option><\/select><\/span>\n\t\t\t<\/p>\n\t\t<\/td>\n\t<\/tr>\n\t<tr>\n\t\t<td>\n\t\t\t<p>Select Floor\n\t\t\t\t<font color=\"red\">(*)\n\t\t\t\t<\/font>: &nbsp;<br \/>\n<span class=\"wpcf7-form-control-wrap\" data-name=\"floor\"><select class=\"wpcf7-form-control wpcf7-select wpcf7-validates-as-required\" aria-required=\"true\" aria-invalid=\"false\" name=\"floor\"><option value=\"\">S\u00e9lectionner<\/option><option value=\"P1\">P1<\/option><option value=\"CONCOURSE\">CONCOURSE<\/option><option value=\"1ST \u00c9TAGE\">1ST \u00c9TAGE<\/option><option value=\"2ND \u00c9TAGE\">2ND \u00c9TAGE<\/option><option value=\"3RD \u00c9TAGE\">3RD \u00c9TAGE<\/option><option value=\"4TH \u00c9TAGE\">4TH \u00c9TAGE<\/option><option value=\"5TH \u00c9TAGE\">5TH \u00c9TAGE<\/option><option value=\"6TH \u00c9TAGE\">6TH \u00c9TAGE<\/option><option value=\"7TH \u00c9TAGE\">7TH \u00c9TAGE<\/option><option value=\"8TH \u00c9TAGE\">8TH \u00c9TAGE<\/option><option value=\"9TH \u00c9TAGE\">9TH \u00c9TAGE<\/option><option value=\"10TH \u00c9TAGE\">10TH \u00c9TAGE<\/option><option value=\"11TH \u00c9TAGE\">11TH \u00c9TAGE<\/option><option value=\"12TH \u00c9TAGE\">12TH \u00c9TAGE<\/option><option value=\"13TH \u00c9TAGE\">13TH \u00c9TAGE<\/option><option value=\"14TH \u00c9TAGE PENTHOUSE M\u00c9CANIQUE\">14TH \u00c9TAGE PENTHOUSE M\u00c9CANIQUE<\/option><option value=\"14TH \u00c9TAGE MEZZANINE\">14TH \u00c9TAGE MEZZANINE<\/option><option value=\"15TH \u00c9TAGE TOUR DE REFROIDISSEMENT\/G\u00c9N\u00c9RATEUR\">15TH \u00c9TAGE TOUR DE REFROIDISSEMENT\/G\u00c9N\u00c9RATEUR<\/option><option value=\"TOIT\">TOIT<\/option><\/select><\/span>\n\t\t\t<\/p>\n\t\t<\/td>\n\t<\/tr>\n\t<tr>\n\t\t<td>\n\t\t\t<p>Select Tenant Request is for\n\t\t\t\t<font color=\"red\">(*)\n\t\t\t\t<\/font>: &nbsp;<br \/>\n<span class=\"wpcf7-form-control-wrap\" data-name=\"tenant-request-type\"><select class=\"wpcf7-form-control wpcf7-select wpcf7-validates-as-required\" aria-required=\"true\" aria-invalid=\"false\" name=\"tenant-request-type\"><option value=\"\">Select<\/option><option value=\"AXIOMATIC AI\/ AXL Labs\">AXIOMATIC AI\/ AXL Labs<\/option><option value=\"Bank of International Settlements\">Bank of International Settlements<\/option><option value=\"Black Founders Network\">Black Founders Network<\/option><option value=\"Campus Events\">Campus Events<\/option><option value=\"Centre For Entrepreneurship\">Centre For Entrepreneurship<\/option><option value=\"Evolver Transformation Inc\">Evolver Transformation Inc<\/option><option value=\"Executek\">Executek<\/option><option value=\"Grintex\">Grintex<\/option><option value=\"Growth Intrepid\">Growth Intrepid<\/option><option value=\"Intrepid Growth Partners\">Intrepid Growth Partners<\/option><option value=\"ION\">ION<\/option><option value=\"Kibo\">Kibo<\/option><option value=\"Knowledgehook\">Knowledgehook<\/option><option value=\"LatteMD\">LatteMD<\/option><option value=\"Mitacs\">Mitacs<\/option><option value=\"Novartis\">Novartis<\/option><option value=\"OLIX\">OLIX<\/option><option value=\"ONRamp\">ONRamp<\/option><option value=\"ProteinQure\">ProteinQure<\/option><option value=\"Real Estate Partnership\">Real Estate Partnership<\/option><option value=\"RootQuotient\">RootQuotient<\/option><option value=\"SRITS\">SRITS<\/option><option value=\"Tahoe Therapeutics Inc.\">Tahoe Therapeutics Inc.<\/option><option value=\"Technology North\">Technology North<\/option><option value=\"University of Toronto Entrepreneurship\">University of Toronto Entrepreneurship<\/option><option value=\"UofT- Innovations &amp; Partnership Office\">UofT- Innovations &amp; Partnership Office<\/option><option value=\"UTEST\">UTEST<\/option><option value=\"Validation Cloud\">Validation Cloud<\/option><option value=\"Vector Institute\">Vector Institute<\/option><option value=\"W1020\">W1020<\/option><option value=\"W872\">W872<\/option><option value=\"Yscope\">Yscope<\/option><\/select><\/span>\n\t\t\t<\/p>\n\t\t<\/td>\n\t<\/tr>\n\t<tr>\n\t\t<td>\n\t\t\t<p>Indiquez le num\u00e9ro de pi\u00e8ce, le couloir ou la zone\n\t\t\t\t<font color=\"red\">(*)\n\t\t\t\t<\/font>:<br \/>\n<span class=\"wpcf7-form-control-wrap\" data-name=\"room-number\"><input size=\"40\" maxlength=\"400\" class=\"wpcf7-form-control wpcf7-text wpcf7-validates-as-required\" aria-required=\"true\" aria-invalid=\"false\" value=\"\" type=\"text\" name=\"room-number\" \/><\/span>\n\t\t\t<\/p>\n\t\t<\/td>\n\t<\/tr>\n\t<tr>\n\t\t<td>\n\t\t\t<p>Emplacement, \u00e9quipement ou syst\u00e8me sp\u00e9cifique (Optionnel):<br \/>\n<span class=\"wpcf7-form-control-wrap\" data-name=\"equipment-system\"><textarea cols=\"40\" rows=\"10\" maxlength=\"2000\" class=\"wpcf7-form-control wpcf7-textarea\" aria-invalid=\"false\" name=\"equipment-system\"><\/textarea><\/span>\n\t\t\t<\/p>\n\t\t<\/td>\n\t<\/tr>\n\t<tr>\n\t\t<td>\n\t\t\t<p>Description et d\u00e9tails de la demande de travail\n\t\t\t\t<font color=\"red\">(*)\n\t\t\t\t<\/font>:<br \/>\n<span class=\"wpcf7-form-control-wrap\" data-name=\"request-description\"><textarea cols=\"40\" rows=\"10\" maxlength=\"2000\" class=\"wpcf7-form-control wpcf7-textarea wpcf7-validates-as-required\" aria-required=\"true\" aria-invalid=\"false\" name=\"request-description\"><\/textarea><\/span>\n\t\t\t<\/p>\n\t\t<\/td>\n\t<\/tr>\n<\/table>\n<table align=\"left\" border=\"0\">\n\t<tr>\n\t\t<td>\n\t\t\t<p>Demandeur\n\t\t\t\t<font color=\"red\">(*)\n\t\t\t\t<\/font>:<br \/>\n<span class=\"wpcf7-form-control-wrap\" data-name=\"requester-name\"><input size=\"40\" maxlength=\"400\" class=\"wpcf7-form-control wpcf7-text wpcf7-validates-as-required\" aria-required=\"true\" aria-invalid=\"false\" placeholder=\"Nom et pr\u00e9nom\" value=\"\" type=\"text\" name=\"requester-name\" \/><\/span>\n\t\t\t<\/p>\n\t\t<\/td>\n\t<\/tr>\n\t<tr>\n\t\t<td>\n\t\t\t<p>T\u00e9l\u00e9phone du demandeur\n\t\t\t\t<font color=\"red\">(*)\n\t\t\t\t<\/font>:<br \/>\n<span class=\"wpcf7-form-control-wrap\" data-name=\"requester-phone\"><input size=\"40\" maxlength=\"400\" class=\"wpcf7-form-control wpcf7-tel wpcf7-validates-as-required wpcf7-text wpcf7-validates-as-tel\" aria-required=\"true\" aria-invalid=\"false\" placeholder=\"1234567890\" value=\"\" type=\"tel\" name=\"requester-phone\" \/><\/span>\n\t\t\t<\/p>\n\t\t<\/td>\n\t<\/tr>\n\t<tr>\n\t\t<td>\n\t\t\t<p>Courriel du demandeur\n\t\t\t\t<font color=\"red\">(*)\n\t\t\t\t<\/font>:<br \/>\n<span class=\"wpcf7-form-control-wrap\" data-name=\"requester-email\"><input size=\"40\" maxlength=\"400\" class=\"wpcf7-form-control wpcf7-email wpcf7-validates-as-required wpcf7-text wpcf7-validates-as-email\" aria-required=\"true\" aria-invalid=\"false\" placeholder=\"demandeur@email.com\" value=\"\" type=\"email\" name=\"requester-email\" \/><\/span>\n\t\t\t<\/p>\n\t\t<\/td>\n\t<\/tr>\n<\/table>\n<table align=\"left\" border=\"0\">\n\t<tr>\n\t\t<td>\n\t\t\t<p><strong>Coordonn\u00e9es si diff\u00e9rentes du demandeur:(Optionnel)<\/strong>\n\t\t\t<\/p>\n\t\t<\/td>\n\t<\/tr>\n\t<tr>\n\t\t<td>\n\t\t\t<p>Nom d'autre personne:<br \/>\n<span class=\"wpcf7-form-control-wrap\" data-name=\"alternative-contact\"><input size=\"40\" maxlength=\"400\" class=\"wpcf7-form-control wpcf7-text\" aria-invalid=\"false\" placeholder=\"Nom et pr\u00e9nom\" value=\"\" type=\"text\" name=\"alternative-contact\" \/><\/span>\n\t\t\t<\/p>\n\t\t<\/td>\n\t<\/tr>\n\t<tr>\n\t\t<td>\n\t\t\t<p>T\u00e9l\u00e9phone d'autre personne (commencer par l'indicatif r\u00e9gional):<br \/>\n<span class=\"wpcf7-form-control-wrap\" data-name=\"alternative-phone\"><input size=\"40\" maxlength=\"400\" class=\"wpcf7-form-control wpcf7-tel wpcf7-text wpcf7-validates-as-tel\" aria-invalid=\"false\" placeholder=\"1234567890\" value=\"\" type=\"tel\" name=\"alternative-phone\" \/><\/span>\n\t\t\t<\/p>\n\t\t<\/td>\n\t<\/tr>\n\t<tr>\n\t\t<td>\n\t\t\t<p>Courriel d'autre personne:<br \/>\n<span class=\"wpcf7-form-control-wrap\" data-name=\"alternative-email\"><input size=\"40\" maxlength=\"400\" class=\"wpcf7-form-control wpcf7-email wpcf7-text wpcf7-validates-as-email\" aria-invalid=\"false\" placeholder=\"demandeur@email.com\" value=\"\" type=\"email\" name=\"alternative-email\" \/><\/span>\n\t\t\t<\/p>\n\t\t<\/td>\n\t<\/tr>\n\t<tr>\n\t\t<td>\n\t\t\t<p><strong>Existe-t-il des conditions d'acc\u00e8s particuli\u00e8res?(Optionnel)<\/strong><br \/>\n(Si oui, veuillez identifier 1) Quel acc\u00e8s sp\u00e9cial est requis?, 2) Qui a besoin d'un acc\u00e8s sp\u00e9cial?, 3) Comment r\u00e9cup\u00e9rer l'acc\u00e8s sp\u00e9cial?):<br \/>\n<span class=\"wpcf7-form-control-wrap\" data-name=\"special-requirements\"><textarea cols=\"40\" rows=\"10\" maxlength=\"2000\" class=\"wpcf7-form-control wpcf7-textarea\" aria-invalid=\"false\" name=\"special-requirements\"><\/textarea><\/span>\n\t\t\t<\/p>\n\t\t<\/td>\n\t<\/tr>\n<\/table>\n<table align=\"left\" border=\"0\">\n\t<tr>\n\t\t<td>\n\t\t\t<p>Joindre un fichier (Taille maximum du fichier : 5MB)<br \/>\n<span class=\"wpcf7-form-control-wrap\" data-name=\"your-file-1\"><input size=\"40\" class=\"wpcf7-form-control wpcf7-file\" accept=\".pdf,.png,.jpg,.jpeg,.txt,.docx,.pptx,.html\" aria-invalid=\"false\" type=\"file\" name=\"your-file-1\" \/><\/span><br \/>\n<span class=\"wpcf7-form-control-wrap\" data-name=\"your-file-2\"><input size=\"40\" class=\"wpcf7-form-control wpcf7-file\" accept=\".pdf,.png,.jpg,.jpeg,.txt,.docx,.pptx,.html\" aria-invalid=\"false\" type=\"file\" name=\"your-file-2\" \/><\/span><br \/>\n<span class=\"wpcf7-form-control-wrap\" data-name=\"your-file-3\"><input size=\"40\" class=\"wpcf7-form-control wpcf7-file\" accept=\".pdf,.png,.jpg,.jpeg,.txt,.docx,.pptx,.html\" aria-invalid=\"false\" type=\"file\" name=\"your-file-3\" \/><\/span><br \/>\n<span class=\"wpcf7-form-control-wrap\" data-name=\"your-file-4\"><input size=\"40\" class=\"wpcf7-form-control wpcf7-file\" accept=\".pdf,.png,.jpg,.jpeg,.txt,.docx,.pptx,.html\" aria-invalid=\"false\" type=\"file\" name=\"your-file-4\" \/><\/span><br \/>\n<span class=\"wpcf7-form-control-wrap\" data-name=\"your-file-5\"><input size=\"40\" class=\"wpcf7-form-control wpcf7-file\" accept=\".pdf,.png,.jpg,.jpeg,.txt,.docx,.pptx,.html\" aria-invalid=\"false\" type=\"file\" name=\"your-file-5\" \/><\/span>\n\t\t\t<\/p>\n\t\t<\/td>\n\t<\/tr>\n<\/table>\n<p><input class=\"wpcf7-form-control wpcf7-submit has-spinner\" type=\"submit\" value=\"Envoyer la demande\" \/><input type=\"reset\" value=\"Effacer le contenu du formulaire\"] \/><br \/>\n<span class=\"wpcf7-form-control-wrap recaptcha\" data-name=\"recaptcha\"><span data-sitekey=\"6Lcd71kiAAAAAHRxPN-EiIEstrzT0FgeY2eSe6d3\" class=\"wpcf7-form-control wpcf7-recaptcha g-recaptcha\"><\/span>\r\n<noscript>\r\n\t<div class=\"grecaptcha-noscript\">\r\n\t\t<iframe loading=\"lazy\" src=\"https:\/\/www.google.com\/recaptcha\/api\/fallback?k=6Lcd71kiAAAAAHRxPN-EiIEstrzT0FgeY2eSe6d3\" frameborder=\"0\" scrolling=\"no\" width=\"310\" height=\"430\">\r\n\t\t<\/iframe>\r\n\t\t<textarea name=\"g-recaptcha-response\" rows=\"3\" cols=\"40\" placeholder=\"reCaptcha Response Here\">\r\n\t\t<\/textarea>\r\n\t<\/div>\r\n<\/noscript>\r\n<\/span>\n<\/p><div class=\"wpcf7-response-output\" aria-hidden=\"true\"><\/div>\n<\/form>\n<\/div>\n\n\n\n\n<div style=\"height:100px\" aria-hidden=\"true\" class=\"wp-block-spacer\"><\/div>\n","protected":false},"excerpt":{"rendered":"<p>ARR\u00caT: s\u2019il s\u2019agit d\u2019une urgence INCENDIE, SANT\u00c9 ou S\u00c9CURIT\u00c9, APPELEZ LE 911 MAINTENANT ! Pour toutes les autres demandes d\u2019urgence non-vie\/incendie\/s\u00e9curit\u00e9, veuillez appeler (844) 764-6180 (*) sont des champs obligatoires<\/p>\n","protected":false},"author":8,"featured_media":1999,"parent":593,"menu_order":2,"comment_status":"closed","ping_status":"closed","template":"templates\/template-custom-form.php","meta":{"inline_featured_image":false,"footnotes":""},"class_list":["post-7418","page","type-page","status-publish","has-post-thumbnail","hentry"],"yoast_head":"<!-- This site is optimized with the Yoast SEO plugin v27.6 - https:\/\/yoast.com\/product\/yoast-seo-wordpress\/ -->\n<title>University of Toronto (SRIC) Web Form - Black &amp; McDonald bourses du centenaire<\/title>\n<meta name=\"robots\" content=\"noindex, nofollow\" \/>\n<meta property=\"og:locale\" content=\"fr_FR\" \/>\n<meta property=\"og:type\" content=\"article\" \/>\n<meta property=\"og:title\" content=\"University of Toronto (SRIC) Web Form - Black &amp; McDonald bourses du centenaire\" \/>\n<meta property=\"og:description\" content=\"ARR\u00caT: s\u2019il s\u2019agit d\u2019une urgence INCENDIE, SANT\u00c9 ou S\u00c9CURIT\u00c9, APPELEZ LE 911 MAINTENANT ! Pour toutes les autres demandes d\u2019urgence non-vie\/incendie\/s\u00e9curit\u00e9, veuillez appeler (844) 764-6180 (*) sont des champs obligatoires\" \/>\n<meta property=\"og:url\" content=\"https:\/\/blackandmcdonaldforms.com\/fr\/fsg\/university-of-toronto-web-form\/\" \/>\n<meta property=\"og:site_name\" content=\"Black &amp; McDonald bourses du centenaire\" \/>\n<meta property=\"article:modified_time\" content=\"2026-03-30T20:20:18+00:00\" \/>\n<meta property=\"og:image\" content=\"https:\/\/blackandmcdonaldforms.com\/wp-content\/uploads\/Banner-2.jpg\" \/>\n\t<meta property=\"og:image:width\" content=\"1920\" \/>\n\t<meta property=\"og:image:height\" content=\"250\" \/>\n\t<meta property=\"og:image:type\" content=\"image\/jpeg\" \/>\n<meta name=\"twitter:card\" content=\"summary_large_image\" \/>\n<meta name=\"twitter:label1\" content=\"Dur\u00e9e de lecture estim\u00e9e\" \/>\n\t<meta name=\"twitter:data1\" content=\"1 minute\" \/>\n<script type=\"application\/ld+json\" class=\"yoast-schema-graph\">{\"@context\":\"https:\\\/\\\/schema.org\",\"@graph\":[{\"@type\":\"WebPage\",\"@id\":\"https:\\\/\\\/blackandmcdonaldforms.com\\\/fr\\\/fsg\\\/university-of-toronto-web-form\\\/\",\"url\":\"https:\\\/\\\/blackandmcdonaldforms.com\\\/fr\\\/fsg\\\/university-of-toronto-web-form\\\/\",\"name\":\"University of Toronto (SRIC) Web Form - Black & McDonald bourses du centenaire\",\"isPartOf\":{\"@id\":\"https:\\\/\\\/blackandmcdonaldforms.com\\\/#website\"},\"primaryImageOfPage\":{\"@id\":\"https:\\\/\\\/blackandmcdonaldforms.com\\\/fr\\\/fsg\\\/university-of-toronto-web-form\\\/#primaryimage\"},\"image\":{\"@id\":\"https:\\\/\\\/blackandmcdonaldforms.com\\\/fr\\\/fsg\\\/university-of-toronto-web-form\\\/#primaryimage\"},\"thumbnailUrl\":\"https:\\\/\\\/blackandmcdonaldforms.com\\\/wp-content\\\/uploads\\\/Banner-2.jpg\",\"datePublished\":\"2023-10-04T18:11:28+00:00\",\"dateModified\":\"2026-03-30T20:20:18+00:00\",\"breadcrumb\":{\"@id\":\"https:\\\/\\\/blackandmcdonaldforms.com\\\/fr\\\/fsg\\\/university-of-toronto-web-form\\\/#breadcrumb\"},\"inLanguage\":\"fr-FR\",\"potentialAction\":[{\"@type\":\"ReadAction\",\"target\":[\"https:\\\/\\\/blackandmcdonaldforms.com\\\/fr\\\/fsg\\\/university-of-toronto-web-form\\\/\"]}]},{\"@type\":\"ImageObject\",\"inLanguage\":\"fr-FR\",\"@id\":\"https:\\\/\\\/blackandmcdonaldforms.com\\\/fr\\\/fsg\\\/university-of-toronto-web-form\\\/#primaryimage\",\"url\":\"https:\\\/\\\/blackandmcdonaldforms.com\\\/wp-content\\\/uploads\\\/Banner-2.jpg\",\"contentUrl\":\"https:\\\/\\\/blackandmcdonaldforms.com\\\/wp-content\\\/uploads\\\/Banner-2.jpg\",\"width\":1920,\"height\":250},{\"@type\":\"BreadcrumbList\",\"@id\":\"https:\\\/\\\/blackandmcdonaldforms.com\\\/fr\\\/fsg\\\/university-of-toronto-web-form\\\/#breadcrumb\",\"itemListElement\":[{\"@type\":\"ListItem\",\"position\":1,\"name\":\"Accueil\",\"item\":\"https:\\\/\\\/blackandmcdonaldforms.com\\\/fr\\\/\"},{\"@type\":\"ListItem\",\"position\":2,\"name\":\"FSG\",\"item\":\"https:\\\/\\\/blackandmcdonaldforms.com\\\/fr\\\/fsg\\\/\"},{\"@type\":\"ListItem\",\"position\":3,\"name\":\"University of Toronto (SRIC) Web Form\"}]},{\"@type\":\"WebSite\",\"@id\":\"https:\\\/\\\/blackandmcdonaldforms.com\\\/#website\",\"url\":\"https:\\\/\\\/blackandmcdonaldforms.com\\\/\",\"name\":\"Black & McDonald bourses du centenaire\",\"description\":\"\",\"publisher\":{\"@id\":\"https:\\\/\\\/blackandmcdonaldforms.com\\\/#organization\"},\"potentialAction\":[{\"@type\":\"SearchAction\",\"target\":{\"@type\":\"EntryPoint\",\"urlTemplate\":\"https:\\\/\\\/blackandmcdonaldforms.com\\\/?s={search_term_string}\"},\"query-input\":{\"@type\":\"PropertyValueSpecification\",\"valueRequired\":true,\"valueName\":\"search_term_string\"}}],\"inLanguage\":\"fr-FR\"},{\"@type\":\"Organization\",\"@id\":\"https:\\\/\\\/blackandmcdonaldforms.com\\\/#organization\",\"name\":\"Black & McDonald bourses du centenaire\",\"url\":\"https:\\\/\\\/blackandmcdonaldforms.com\\\/\",\"logo\":{\"@type\":\"ImageObject\",\"inLanguage\":\"fr-FR\",\"@id\":\"https:\\\/\\\/blackandmcdonaldforms.com\\\/#\\\/schema\\\/logo\\\/image\\\/\",\"url\":\"https:\\\/\\\/blackandmcdonaldforms.com\\\/wp-content\\\/uploads\\\/bm-logo-svg.svg\",\"contentUrl\":\"https:\\\/\\\/blackandmcdonaldforms.com\\\/wp-content\\\/uploads\\\/bm-logo-svg.svg\",\"caption\":\"Black & McDonald bourses du centenaire\"},\"image\":{\"@id\":\"https:\\\/\\\/blackandmcdonaldforms.com\\\/#\\\/schema\\\/logo\\\/image\\\/\"}}]}<\/script>\n<!-- \/ Yoast SEO plugin. -->","yoast_head_json":{"title":"University of Toronto (SRIC) Web Form - Black & McDonald bourses du centenaire","robots":{"index":"noindex","follow":"nofollow"},"og_locale":"fr_FR","og_type":"article","og_title":"University of Toronto (SRIC) Web Form - Black & McDonald bourses du centenaire","og_description":"ARR\u00caT: s\u2019il s\u2019agit d\u2019une urgence INCENDIE, SANT\u00c9 ou S\u00c9CURIT\u00c9, APPELEZ LE 911 MAINTENANT ! Pour toutes les autres demandes d\u2019urgence non-vie\/incendie\/s\u00e9curit\u00e9, veuillez appeler (844) 764-6180 (*) sont des champs obligatoires","og_url":"https:\/\/blackandmcdonaldforms.com\/fr\/fsg\/university-of-toronto-web-form\/","og_site_name":"Black & McDonald bourses du centenaire","article_modified_time":"2026-03-30T20:20:18+00:00","og_image":[{"width":1920,"height":250,"url":"https:\/\/blackandmcdonaldforms.com\/wp-content\/uploads\/Banner-2.jpg","type":"image\/jpeg"}],"twitter_card":"summary_large_image","twitter_misc":{"Dur\u00e9e de lecture estim\u00e9e":"1 minute"},"schema":{"@context":"https:\/\/schema.org","@graph":[{"@type":"WebPage","@id":"https:\/\/blackandmcdonaldforms.com\/fr\/fsg\/university-of-toronto-web-form\/","url":"https:\/\/blackandmcdonaldforms.com\/fr\/fsg\/university-of-toronto-web-form\/","name":"University of Toronto (SRIC) Web Form - Black & McDonald bourses du centenaire","isPartOf":{"@id":"https:\/\/blackandmcdonaldforms.com\/#website"},"primaryImageOfPage":{"@id":"https:\/\/blackandmcdonaldforms.com\/fr\/fsg\/university-of-toronto-web-form\/#primaryimage"},"image":{"@id":"https:\/\/blackandmcdonaldforms.com\/fr\/fsg\/university-of-toronto-web-form\/#primaryimage"},"thumbnailUrl":"https:\/\/blackandmcdonaldforms.com\/wp-content\/uploads\/Banner-2.jpg","datePublished":"2023-10-04T18:11:28+00:00","dateModified":"2026-03-30T20:20:18+00:00","breadcrumb":{"@id":"https:\/\/blackandmcdonaldforms.com\/fr\/fsg\/university-of-toronto-web-form\/#breadcrumb"},"inLanguage":"fr-FR","potentialAction":[{"@type":"ReadAction","target":["https:\/\/blackandmcdonaldforms.com\/fr\/fsg\/university-of-toronto-web-form\/"]}]},{"@type":"ImageObject","inLanguage":"fr-FR","@id":"https:\/\/blackandmcdonaldforms.com\/fr\/fsg\/university-of-toronto-web-form\/#primaryimage","url":"https:\/\/blackandmcdonaldforms.com\/wp-content\/uploads\/Banner-2.jpg","contentUrl":"https:\/\/blackandmcdonaldforms.com\/wp-content\/uploads\/Banner-2.jpg","width":1920,"height":250},{"@type":"BreadcrumbList","@id":"https:\/\/blackandmcdonaldforms.com\/fr\/fsg\/university-of-toronto-web-form\/#breadcrumb","itemListElement":[{"@type":"ListItem","position":1,"name":"Accueil","item":"https:\/\/blackandmcdonaldforms.com\/fr\/"},{"@type":"ListItem","position":2,"name":"FSG","item":"https:\/\/blackandmcdonaldforms.com\/fr\/fsg\/"},{"@type":"ListItem","position":3,"name":"University of Toronto (SRIC) Web Form"}]},{"@type":"WebSite","@id":"https:\/\/blackandmcdonaldforms.com\/#website","url":"https:\/\/blackandmcdonaldforms.com\/","name":"Black & McDonald bourses du centenaire","description":"","publisher":{"@id":"https:\/\/blackandmcdonaldforms.com\/#organization"},"potentialAction":[{"@type":"SearchAction","target":{"@type":"EntryPoint","urlTemplate":"https:\/\/blackandmcdonaldforms.com\/?s={search_term_string}"},"query-input":{"@type":"PropertyValueSpecification","valueRequired":true,"valueName":"search_term_string"}}],"inLanguage":"fr-FR"},{"@type":"Organization","@id":"https:\/\/blackandmcdonaldforms.com\/#organization","name":"Black & McDonald bourses du centenaire","url":"https:\/\/blackandmcdonaldforms.com\/","logo":{"@type":"ImageObject","inLanguage":"fr-FR","@id":"https:\/\/blackandmcdonaldforms.com\/#\/schema\/logo\/image\/","url":"https:\/\/blackandmcdonaldforms.com\/wp-content\/uploads\/bm-logo-svg.svg","contentUrl":"https:\/\/blackandmcdonaldforms.com\/wp-content\/uploads\/bm-logo-svg.svg","caption":"Black & McDonald bourses du centenaire"},"image":{"@id":"https:\/\/blackandmcdonaldforms.com\/#\/schema\/logo\/image\/"}}]}},"_links":{"self":[{"href":"https:\/\/blackandmcdonaldforms.com\/fr\/wp-json\/wp\/v2\/pages\/7418","targetHints":{"allow":["GET"]}}],"collection":[{"href":"https:\/\/blackandmcdonaldforms.com\/fr\/wp-json\/wp\/v2\/pages"}],"about":[{"href":"https:\/\/blackandmcdonaldforms.com\/fr\/wp-json\/wp\/v2\/types\/page"}],"author":[{"embeddable":true,"href":"https:\/\/blackandmcdonaldforms.com\/fr\/wp-json\/wp\/v2\/users\/8"}],"replies":[{"embeddable":true,"href":"https:\/\/blackandmcdonaldforms.com\/fr\/wp-json\/wp\/v2\/comments?post=7418"}],"version-history":[{"count":0,"href":"https:\/\/blackandmcdonaldforms.com\/fr\/wp-json\/wp\/v2\/pages\/7418\/revisions"}],"up":[{"embeddable":true,"href":"https:\/\/blackandmcdonaldforms.com\/fr\/wp-json\/wp\/v2\/pages\/593"}],"wp:featuredmedia":[{"embeddable":true,"href":"https:\/\/blackandmcdonaldforms.com\/fr\/wp-json\/wp\/v2\/media\/1999"}],"wp:attachment":[{"href":"https:\/\/blackandmcdonaldforms.com\/fr\/wp-json\/wp\/v2\/media?parent=7418"}],"curies":[{"name":"wp","href":"https:\/\/api.w.org\/{rel}","templated":true}]}}